{"id":11118,"date":"2023-11-29T14:20:19","date_gmt":"2023-11-29T13:20:19","guid":{"rendered":"https:\/\/nuevaweb.cpl.es\/?page_id=11118"},"modified":"2023-12-11T20:47:02","modified_gmt":"2023-12-11T19:47:02","slug":"al-segle-ii-la-pasqua","status":"publish","type":"page","link":"https:\/\/www.cpl.es\/ca\/blog\/vida-liturgica\/com-es-forma-lany-liturgic\/al-segle-ii-la-pasqua\/","title":{"rendered":"Al segle II: la Pasqua"},"content":{"rendered":"<div id=\"pl-11118\"  class=\"panel-layout\" ><div id=\"pg-11118-0\"  class=\"panel-grid panel-no-style\" ><div id=\"pgc-11118-0-0\"  class=\"panel-grid-cell\" ><div id=\"panel-11118-0-0-0\" class=\"so-panel widget widget_sow-editor panel-first-child panel-last-child\" data-index=\"0\" ><div\n\t\t\t\n\t\t\tclass=\"so-widget-sow-editor so-widget-sow-editor-base\"\n\t\t\t\n\t\t>\n<div class=\"siteorigin-widget-tinymce textwidget\">\n\t<p><img decoding=\"async\" class=\"alignnone wp-image-9126 size-full\" src=\"https:\/\/www.cpl.es\/wp-content\/uploads\/313-Al-segle-II-la-Pasqua.jpg\" alt=\"\" width=\"408\" height=\"232\" srcset=\"https:\/\/www.cpl.es\/wp-content\/uploads\/\/313-Al-segle-II-la-Pasqua.jpg 408w, https:\/\/www.cpl.es\/wp-content\/uploads\/\/313-Al-segle-II-la-Pasqua-300x171.jpg 300w\" sizes=\"auto, (max-width: 408px) 100vw, 408px\" \/ fetchpriority=\"high\"><\/p>\n<p>La Pasqua jueva, durant la qual va tenir lloc la mort de Jes\u00fas, se celebra cada any el dia de la primera lluna plena de la primavera, i \u00e9s la commemoraci\u00f3 anual del gran esdeveniment de la hist\u00f2ria d\u2019Israel: quan el poble, guiat per Mois\u00e8s, es va alliberar de l\u2019esclavitud de Fara\u00f3. Israel va veure en aquell alliberament l\u2019acci\u00f3 salvadora de D\u00e9u, i des de llavors ho va commemorar cada any amb la celebraci\u00f3 del sopar pasqual, com a agra\u00efment a D\u00e9u i refermament del desig de fidelitat a l\u2019alian\u00e7a.<\/p>\n<p>A principis del segle II, en algunes comunitats cristianes, es va comen\u00e7ar a sentir la necessitat de celebrar, en els dies mateixos de la Pasqua jueva, l\u2019aniversari anual de la mort i la resurrecci\u00f3 de Jes\u00fas, la qual, a m\u00e9s, va comen\u00e7ar a ser vista com la realitzaci\u00f3 plena de l\u2019alliberament de l\u2019esclavitud que la Pasqua jueva commemorava. I aix\u00ed va n\u00e9ixer la Vetlla Pasqual, que a poc a poc es va anar estenent per tota l\u2019Esgl\u00e9sia. A Roma, aquesta celebraci\u00f3 no es va comen\u00e7ar a fer fins a la segona meitat del segle. Hi hagu\u00e9, per\u00f2, en aquells temps inicials, una forta discussi\u00f3 sobre quan s\u2019havia de celebrar la festa: mentre les Esgl\u00e9sies d\u2019\u00c0sia defensaven que la Pasqua s\u2019havia de celebrar el mateix dia de la Pasqua jueva, \u00e9s a dir, el dia de la primera lluna plena de la primavera, fos quin fos el dia de la setmana en qu\u00e8 caigu\u00e9s, les altres Esgl\u00e9sies, entre elles la de Roma, deien que s\u2019havia de celebrar sempre en diumenge, i la celebraven, per tant, el diumenge seg\u00fcent a aquesta primera lluna plena; aquesta segona posici\u00f3 \u00e9s la que finalment es va imposar, i aix\u00ed ha perdurat fins ara.<\/p>\n<p>La celebraci\u00f3 pasqual consistia, en aquell primer temps, en dos dies (o a vegades m\u00e9s) de dejuni total, que expressaven la uni\u00f3 amb Jes\u00fas mort i sepultat, i que condu\u00efen a una vetlla que se celebrava la nit del dissabte al diumenge, amb preg\u00e0ries, salms, lectures de l\u2019Antic i del Nou Testament, i finalment l\u2019Eucaristia i un \u00e0pat fraternal. M\u00e9s endavant, sobretot a partir del moment en qu\u00e8 l\u2019emperador Constant\u00ed doni la llibertat a l\u2019Esgl\u00e9sia l\u2019any 313, la nit de Pasqua esdevindr\u00e0 tamb\u00e9 el gran moment en qu\u00e8 rebran el Baptisme tots els qui vulguin esdevenir cristians i s\u2019hi hagin preparat adequadament; i una mica m\u00e9s tard, tamb\u00e9 s\u2019hi introduir\u00e0 el ritu inicial de la llum.<\/p>\n<p>Pot resultar sorprenent, per\u00f2 en aquelles \u00e8poques inicials no hi ha cap celebraci\u00f3 pr\u00f2pia de la mort de Jes\u00fas: aquesta mort es recorda mitjan\u00e7ant el dejuni de preparaci\u00f3 de la Vetlla, com hem dit; i tampoc no hi ha cap celebraci\u00f3 del darrer sopar. \u00c9s que, a aquells primers cristians, no els interessava tant recordar pas per pas el que havia fet Jes\u00fas, sin\u00f3 m\u00e9s aviat reviure el cam\u00ed de Jes\u00fas i el que aix\u00f2 significava per a ells. Per aix\u00f2 en tenien prou amb el gran dejuni que els unia a Jes\u00fas mort i sepultat, i amb la vetlla de preg\u00e0ria, lectures i Eucaristia que feia reviure la seva resurrecci\u00f3. I per aix\u00f2 tamb\u00e9, ben aviat, la celebraci\u00f3 de la nit de Pasqua s\u2019allargar\u00e0 en un temps de cinquanta dies, uns dies que, segons diran els escriptors cristians Ireneu, a finals del segle II, o Tertul\u00b7li\u00e0, a principis del segle III, s\u2019han de celebrar com un \u00fanic dia de festa, com un gran i prolongat diumenge, que \u00e9s vist com un signe de la plenitud de vida que la resurrecci\u00f3 de Jes\u00fas ha encetat; durant aquests dies, no es pregava mai agenollat, i no es podia fer dejuni. El temps de Pasqua s\u2019acaba el diumenge de Pentecosta (una paraula que ve del grec\u00a0<em>pentekost\u00f3s,<\/em>\u00a0que vol dir \u201ccinquant\u00e8\u201d), un diumenge que en aquelles \u00e8poques primeres nom\u00e9s \u00e9s la conclusi\u00f3 del temps de Pasqua, i no s\u2019hi celebra, com es va incorporar despr\u00e9s, la festa del do de l\u2019Esperit Sant.<\/p>\n<\/div>\n<\/div><\/div><\/div><\/div><\/div>","protected":false},"excerpt":{"rendered":"<p>La Pasqua jueva, durant la qual va tenir lloc la mort de Jes\u00fas, se celebra cada any el dia de la primera lluna plena de la primavera, i \u00e9s la commemoraci\u00f3 anual del gran esdeveniment de la hist\u00f2ria d\u2019Israel: quan el poble, guiat per Mois\u00e8s, es va alliberar de l\u2019esclavitud de Fara\u00f3. Israel va veure [&hellip;]<\/p>\n","protected":false},"author":1,"featured_media":0,"parent":11109,"menu_order":3,"comment_status":"closed","ping_status":"closed","template":"","meta":{"_acf_changed":false,"inline_featured_image":false,"footnotes":""},"class_list":["post-11118","page","type-page","status-publish","hentry"],"acf":[],"yoast_head":"<!-- This site is optimized with the Yoast SEO plugin v27.3 - https:\/\/yoast.com\/product\/yoast-seo-wordpress\/ -->\n<title>Al segle II: la Pasqua - CPL<\/title>\n<meta name=\"robots\" content=\"index, follow, max-snippet:-1, max-image-preview:large, max-video-preview:-1\" \/>\n<link rel=\"canonical\" href=\"https:\/\/www.cpl.es\/ca\/blog\/vida-liturgica\/com-es-forma-lany-liturgic\/al-segle-ii-la-pasqua\/\" \/>\n<meta property=\"og:locale\" content=\"ca_ES\" \/>\n<meta property=\"og:type\" content=\"article\" \/>\n<meta property=\"og:title\" content=\"Al segle II: la Pasqua - CPL\" \/>\n<meta property=\"og:description\" content=\"La Pasqua jueva, durant la qual va tenir lloc la mort de Jes\u00fas, se celebra cada any el dia de la primera lluna plena de la primavera, i \u00e9s la commemoraci\u00f3 anual del gran esdeveniment de la hist\u00f2ria d\u2019Israel: quan el poble, guiat per Mois\u00e8s, es va alliberar de l\u2019esclavitud de Fara\u00f3. Israel va veure [&hellip;]\" \/>\n<meta property=\"og:url\" content=\"https:\/\/www.cpl.es\/ca\/blog\/vida-liturgica\/com-es-forma-lany-liturgic\/al-segle-ii-la-pasqua\/\" \/>\n<meta property=\"og:site_name\" content=\"CPL\" \/>\n<meta property=\"article:modified_time\" content=\"2023-12-11T19:47:02+00:00\" \/>\n<meta property=\"og:image\" content=\"https:\/\/www.cpl.es\/wp-content\/uploads\/313-Al-segle-II-la-Pasqua.jpg\" \/>\n\t<meta property=\"og:image:width\" content=\"408\" \/>\n\t<meta property=\"og:image:height\" content=\"232\" \/>\n\t<meta property=\"og:image:type\" content=\"image\/jpeg\" \/>\n<meta name=\"twitter:card\" content=\"summary_large_image\" \/>\n<meta name=\"twitter:label1\" content=\"Temps estimat de lectura\" \/>\n\t<meta name=\"twitter:data1\" content=\"4 minuts\" \/>\n<script type=\"application\/ld+json\" class=\"yoast-schema-graph\">{\"@context\":\"https:\\\/\\\/schema.org\",\"@graph\":[{\"@type\":\"WebPage\",\"@id\":\"https:\\\/\\\/www.cpl.es\\\/ca\\\/blog\\\/vida-liturgica\\\/com-es-forma-lany-liturgic\\\/al-segle-ii-la-pasqua\\\/\",\"url\":\"https:\\\/\\\/www.cpl.es\\\/ca\\\/blog\\\/vida-liturgica\\\/com-es-forma-lany-liturgic\\\/al-segle-ii-la-pasqua\\\/\",\"name\":\"Al segle II: la Pasqua - CPL\",\"isPartOf\":{\"@id\":\"https:\\\/\\\/www.cpl.es\\\/#website\"},\"primaryImageOfPage\":{\"@id\":\"https:\\\/\\\/www.cpl.es\\\/ca\\\/blog\\\/vida-liturgica\\\/com-es-forma-lany-liturgic\\\/al-segle-ii-la-pasqua\\\/#primaryimage\"},\"image\":{\"@id\":\"https:\\\/\\\/www.cpl.es\\\/ca\\\/blog\\\/vida-liturgica\\\/com-es-forma-lany-liturgic\\\/al-segle-ii-la-pasqua\\\/#primaryimage\"},\"thumbnailUrl\":\"https:\\\/\\\/www.cpl.es\\\/wp-content\\\/uploads\\\/313-Al-segle-II-la-Pasqua.jpg\",\"datePublished\":\"2023-11-29T13:20:19+00:00\",\"dateModified\":\"2023-12-11T19:47:02+00:00\",\"breadcrumb\":{\"@id\":\"https:\\\/\\\/www.cpl.es\\\/ca\\\/blog\\\/vida-liturgica\\\/com-es-forma-lany-liturgic\\\/al-segle-ii-la-pasqua\\\/#breadcrumb\"},\"inLanguage\":\"ca\",\"potentialAction\":[{\"@type\":\"ReadAction\",\"target\":[\"https:\\\/\\\/www.cpl.es\\\/ca\\\/blog\\\/vida-liturgica\\\/com-es-forma-lany-liturgic\\\/al-segle-ii-la-pasqua\\\/\"]}]},{\"@type\":\"ImageObject\",\"inLanguage\":\"ca\",\"@id\":\"https:\\\/\\\/www.cpl.es\\\/ca\\\/blog\\\/vida-liturgica\\\/com-es-forma-lany-liturgic\\\/al-segle-ii-la-pasqua\\\/#primaryimage\",\"url\":\"https:\\\/\\\/www.cpl.es\\\/wp-content\\\/uploads\\\/313-Al-segle-II-la-Pasqua.jpg\",\"contentUrl\":\"https:\\\/\\\/www.cpl.es\\\/wp-content\\\/uploads\\\/313-Al-segle-II-la-Pasqua.jpg\"},{\"@type\":\"BreadcrumbList\",\"@id\":\"https:\\\/\\\/www.cpl.es\\\/ca\\\/blog\\\/vida-liturgica\\\/com-es-forma-lany-liturgic\\\/al-segle-ii-la-pasqua\\\/#breadcrumb\",\"itemListElement\":[{\"@type\":\"ListItem\",\"position\":1,\"name\":\"Portada\",\"item\":\"https:\\\/\\\/www.cpl.es\\\/ca\\\/\"},{\"@type\":\"ListItem\",\"position\":2,\"name\":\"Blog\",\"item\":\"https:\\\/\\\/www.cpl.es\\\/ca\\\/blog\\\/\"},{\"@type\":\"ListItem\",\"position\":3,\"name\":\"Vida lit\u00fargica\",\"item\":\"https:\\\/\\\/www.cpl.es\\\/ca\\\/blog\\\/vida-liturgica\\\/\"},{\"@type\":\"ListItem\",\"position\":4,\"name\":\"Com es forma l\u2019any lit\u00fargic\",\"item\":\"https:\\\/\\\/www.cpl.es\\\/ca\\\/blog\\\/vida-liturgica\\\/com-es-forma-lany-liturgic\\\/\"},{\"@type\":\"ListItem\",\"position\":5,\"name\":\"Al segle II: la Pasqua\"}]},{\"@type\":\"WebSite\",\"@id\":\"https:\\\/\\\/www.cpl.es\\\/#website\",\"url\":\"https:\\\/\\\/www.cpl.es\\\/\",\"name\":\"CPL\",\"description\":\"Centre de Pastoral Lit\u00fargica de Barcelona\",\"publisher\":{\"@id\":\"https:\\\/\\\/www.cpl.es\\\/#organization\"},\"alternateName\":\"Centre de Pastoral Lit\u00fargica\",\"potentialAction\":[{\"@type\":\"SearchAction\",\"target\":{\"@type\":\"EntryPoint\",\"urlTemplate\":\"https:\\\/\\\/www.cpl.es\\\/?s={search_term_string}\"},\"query-input\":{\"@type\":\"PropertyValueSpecification\",\"valueRequired\":true,\"valueName\":\"search_term_string\"}}],\"inLanguage\":\"ca\"},{\"@type\":\"Organization\",\"@id\":\"https:\\\/\\\/www.cpl.es\\\/#organization\",\"name\":\"Centre de Pastoral Lit\u00fargica\",\"alternateName\":\"Centre de Pastoral Lit\u00fargica de Barcelona\",\"url\":\"https:\\\/\\\/www.cpl.es\\\/\",\"logo\":{\"@type\":\"ImageObject\",\"inLanguage\":\"ca\",\"@id\":\"https:\\\/\\\/www.cpl.es\\\/#\\\/schema\\\/logo\\\/image\\\/\",\"url\":\"https:\\\/\\\/www.cpl.es\\\/wp-content\\\/uploads\\\/logo-cpl.svg\",\"contentUrl\":\"https:\\\/\\\/www.cpl.es\\\/wp-content\\\/uploads\\\/logo-cpl.svg\",\"caption\":\"Centre de Pastoral Lit\u00fargica\"},\"image\":{\"@id\":\"https:\\\/\\\/www.cpl.es\\\/#\\\/schema\\\/logo\\\/image\\\/\"}}]}<\/script>\n<!-- \/ Yoast SEO plugin. -->","yoast_head_json":{"title":"Al segle II: la Pasqua - CPL","robots":{"index":"index","follow":"follow","max-snippet":"max-snippet:-1","max-image-preview":"max-image-preview:large","max-video-preview":"max-video-preview:-1"},"canonical":"https:\/\/www.cpl.es\/ca\/blog\/vida-liturgica\/com-es-forma-lany-liturgic\/al-segle-ii-la-pasqua\/","og_locale":"ca_ES","og_type":"article","og_title":"Al segle II: la Pasqua - CPL","og_description":"La Pasqua jueva, durant la qual va tenir lloc la mort de Jes\u00fas, se celebra cada any el dia de la primera lluna plena de la primavera, i \u00e9s la commemoraci\u00f3 anual del gran esdeveniment de la hist\u00f2ria d\u2019Israel: quan el poble, guiat per Mois\u00e8s, es va alliberar de l\u2019esclavitud de Fara\u00f3. Israel va veure [&hellip;]","og_url":"https:\/\/www.cpl.es\/ca\/blog\/vida-liturgica\/com-es-forma-lany-liturgic\/al-segle-ii-la-pasqua\/","og_site_name":"CPL","article_modified_time":"2023-12-11T19:47:02+00:00","og_image":[{"width":408,"height":232,"url":"https:\/\/www.cpl.es\/wp-content\/uploads\/313-Al-segle-II-la-Pasqua.jpg","type":"image\/jpeg"}],"twitter_card":"summary_large_image","twitter_misc":{"Temps estimat de lectura":"4 minuts"},"schema":{"@context":"https:\/\/schema.org","@graph":[{"@type":"WebPage","@id":"https:\/\/www.cpl.es\/ca\/blog\/vida-liturgica\/com-es-forma-lany-liturgic\/al-segle-ii-la-pasqua\/","url":"https:\/\/www.cpl.es\/ca\/blog\/vida-liturgica\/com-es-forma-lany-liturgic\/al-segle-ii-la-pasqua\/","name":"Al segle II: la Pasqua - CPL","isPartOf":{"@id":"https:\/\/www.cpl.es\/#website"},"primaryImageOfPage":{"@id":"https:\/\/www.cpl.es\/ca\/blog\/vida-liturgica\/com-es-forma-lany-liturgic\/al-segle-ii-la-pasqua\/#primaryimage"},"image":{"@id":"https:\/\/www.cpl.es\/ca\/blog\/vida-liturgica\/com-es-forma-lany-liturgic\/al-segle-ii-la-pasqua\/#primaryimage"},"thumbnailUrl":"https:\/\/www.cpl.es\/wp-content\/uploads\/313-Al-segle-II-la-Pasqua.jpg","datePublished":"2023-11-29T13:20:19+00:00","dateModified":"2023-12-11T19:47:02+00:00","breadcrumb":{"@id":"https:\/\/www.cpl.es\/ca\/blog\/vida-liturgica\/com-es-forma-lany-liturgic\/al-segle-ii-la-pasqua\/#breadcrumb"},"inLanguage":"ca","potentialAction":[{"@type":"ReadAction","target":["https:\/\/www.cpl.es\/ca\/blog\/vida-liturgica\/com-es-forma-lany-liturgic\/al-segle-ii-la-pasqua\/"]}]},{"@type":"ImageObject","inLanguage":"ca","@id":"https:\/\/www.cpl.es\/ca\/blog\/vida-liturgica\/com-es-forma-lany-liturgic\/al-segle-ii-la-pasqua\/#primaryimage","url":"https:\/\/www.cpl.es\/wp-content\/uploads\/313-Al-segle-II-la-Pasqua.jpg","contentUrl":"https:\/\/www.cpl.es\/wp-content\/uploads\/313-Al-segle-II-la-Pasqua.jpg"},{"@type":"BreadcrumbList","@id":"https:\/\/www.cpl.es\/ca\/blog\/vida-liturgica\/com-es-forma-lany-liturgic\/al-segle-ii-la-pasqua\/#breadcrumb","itemListElement":[{"@type":"ListItem","position":1,"name":"Portada","item":"https:\/\/www.cpl.es\/ca\/"},{"@type":"ListItem","position":2,"name":"Blog","item":"https:\/\/www.cpl.es\/ca\/blog\/"},{"@type":"ListItem","position":3,"name":"Vida lit\u00fargica","item":"https:\/\/www.cpl.es\/ca\/blog\/vida-liturgica\/"},{"@type":"ListItem","position":4,"name":"Com es forma l\u2019any lit\u00fargic","item":"https:\/\/www.cpl.es\/ca\/blog\/vida-liturgica\/com-es-forma-lany-liturgic\/"},{"@type":"ListItem","position":5,"name":"Al segle II: la Pasqua"}]},{"@type":"WebSite","@id":"https:\/\/www.cpl.es\/#website","url":"https:\/\/www.cpl.es\/","name":"CPL","description":"Centre de Pastoral Lit\u00fargica de Barcelona","publisher":{"@id":"https:\/\/www.cpl.es\/#organization"},"alternateName":"Centre de Pastoral Lit\u00fargica","potentialAction":[{"@type":"SearchAction","target":{"@type":"EntryPoint","urlTemplate":"https:\/\/www.cpl.es\/?s={search_term_string}"},"query-input":{"@type":"PropertyValueSpecification","valueRequired":true,"valueName":"search_term_string"}}],"inLanguage":"ca"},{"@type":"Organization","@id":"https:\/\/www.cpl.es\/#organization","name":"Centre de Pastoral Lit\u00fargica","alternateName":"Centre de Pastoral Lit\u00fargica de Barcelona","url":"https:\/\/www.cpl.es\/","logo":{"@type":"ImageObject","inLanguage":"ca","@id":"https:\/\/www.cpl.es\/#\/schema\/logo\/image\/","url":"https:\/\/www.cpl.es\/wp-content\/uploads\/logo-cpl.svg","contentUrl":"https:\/\/www.cpl.es\/wp-content\/uploads\/logo-cpl.svg","caption":"Centre de Pastoral Lit\u00fargica"},"image":{"@id":"https:\/\/www.cpl.es\/#\/schema\/logo\/image\/"}}]}},"_links":{"self":[{"href":"https:\/\/www.cpl.es\/ca\/wp-json\/wp\/v2\/pages\/11118","targetHints":{"allow":["GET"]}}],"collection":[{"href":"https:\/\/www.cpl.es\/ca\/wp-json\/wp\/v2\/pages"}],"about":[{"href":"https:\/\/www.cpl.es\/ca\/wp-json\/wp\/v2\/types\/page"}],"author":[{"embeddable":true,"href":"https:\/\/www.cpl.es\/ca\/wp-json\/wp\/v2\/users\/1"}],"replies":[{"embeddable":true,"href":"https:\/\/www.cpl.es\/ca\/wp-json\/wp\/v2\/comments?post=11118"}],"version-history":[{"count":1,"href":"https:\/\/www.cpl.es\/ca\/wp-json\/wp\/v2\/pages\/11118\/revisions"}],"predecessor-version":[{"id":11119,"href":"https:\/\/www.cpl.es\/ca\/wp-json\/wp\/v2\/pages\/11118\/revisions\/11119"}],"up":[{"embeddable":true,"href":"https:\/\/www.cpl.es\/ca\/wp-json\/wp\/v2\/pages\/11109"}],"wp:attachment":[{"href":"https:\/\/www.cpl.es\/ca\/wp-json\/wp\/v2\/media?parent=11118"}],"curies":[{"name":"wp","href":"https:\/\/api.w.org\/{rel}","templated":true}]}}