{"id":11116,"date":"2023-11-29T14:19:44","date_gmt":"2023-11-29T13:19:44","guid":{"rendered":"https:\/\/nuevaweb.cpl.es\/?page_id=11116"},"modified":"2023-12-11T20:45:00","modified_gmt":"2023-12-11T19:45:00","slug":"al-principi-nomes-el-diumenge","status":"publish","type":"page","link":"https:\/\/www.cpl.es\/ca\/blog\/vida-liturgica\/com-es-forma-lany-liturgic\/al-principi-nomes-el-diumenge\/","title":{"rendered":"Al principi, nom\u00e9s el diumenge"},"content":{"rendered":"<div id=\"pl-11116\"  class=\"panel-layout\" ><div id=\"pg-11116-0\"  class=\"panel-grid panel-no-style\" ><div id=\"pgc-11116-0-0\"  class=\"panel-grid-cell\" ><div id=\"panel-11116-0-0-0\" class=\"so-panel widget widget_sow-editor panel-first-child panel-last-child\" data-index=\"0\" ><div\n\t\t\t\n\t\t\tclass=\"so-widget-sow-editor so-widget-sow-editor-base\"\n\t\t\t\n\t\t>\n<div class=\"siteorigin-widget-tinymce textwidget\">\n\t<figure id=\"attachment_9122\" aria-describedby=\"caption-attachment-9122\" style=\"width: 300px\" class=\"wp-caption alignnone\"><img decoding=\"async\" class=\"size-medium wp-image-9122\" src=\"https:\/\/www.cpl.es\/wp-content\/uploads\/312-Al-principio-solo-el-domingo-2-300x424.jpg\" alt=\"\" width=\"300\" height=\"424\" srcset=\"https:\/\/www.cpl.es\/wp-content\/uploads\/\/312-Al-principio-solo-el-domingo-2-300x424.jpg 300w, https:\/\/www.cpl.es\/wp-content\/uploads\/\/312-Al-principio-solo-el-domingo-2-416x588.jpg 416w, https:\/\/www.cpl.es\/wp-content\/uploads\/\/312-Al-principio-solo-el-domingo-2.jpg 425w\" sizes=\"auto, (max-width: 300px) 100vw, 300px\" \/ fetchpriority=\"high\"><figcaption id=\"caption-attachment-9122\" class=\"wp-caption-text\">Cartel MD: Domingo, el d\u00eda del Se\u00f1or<\/figcaption><\/figure>\n<p>L\u2019any lit\u00fargic, com hem dit, no ens ve de l\u2019\u00e8poca apost\u00f2lica, sin\u00f3 que es va anar formant al llarg dels primers segles del cristianisme, a poc a poc. O sigui que la idea que potser alg\u00fa podria tenir, en el sentit que des de bon comen\u00e7ament la comunitat cristiana, dirigida pels ap\u00f2stols, va organitzar al llarg de l\u2019any les celebracions de la fe tal com ara les coneixem, no es correspon amb la realitat.<\/p>\n<p>Al principi de tot, i durant tot el primer segle de la vida de l\u2019Esgl\u00e9sia, els cristians es reunien cada setmana, el diumenge, per celebrar l\u2019Eucaristia. Tots els diumenges eren iguals, i no hi havia cap festa especial. El diumenge era el dia en qu\u00e8 celebraven l\u2019Eucaristia, i vivien l\u2019experi\u00e8ncia comunit\u00e0ria de la pres\u00e8ncia del Senyor mort i ressuscitat en el pa i el vi que compartien. Aquelles reunions eren el punt de refer\u00e8ncia de les seves vides, i en elles escoltaven l\u2019ensenyament dels ap\u00f2stols, o llegien els seus escrits, pregaven junts, es refermaven m\u00fatuament en el comprom\u00eds de seguir l\u2019Evangeli, s\u2019explicaven els uns als altres les dificultats amb qu\u00e8 es trobaven, recollien diners pels necessitats, i tot culminava en l\u2019acci\u00f3 de gr\u00e0cies al Pare i la repetici\u00f3 de les paraules i els gestos de Jes\u00fas en el darrer sopar, a trav\u00e9s dels quals el pa i el vi esdevenia per a ells l\u2019aliment amb qu\u00e8 s\u2019unien amb Jes\u00fas i s\u2019unien tamb\u00e9 els uns amb els altres.<\/p>\n<p>La seva \u00fanica celebraci\u00f3 era, doncs, la celebraci\u00f3 dominical. Segurament que, quan eren els dies de la Pasqua jueva, recordaven que era en aquelles dates quan el Senyor havia estat clavat en creu, i havia ressuscitat vencent els lligams de la mort. Per\u00f2 aquest record no es tradu\u00efa en cap celebraci\u00f3 especial.<\/p>\n<\/div>\n<\/div><\/div><\/div><\/div><\/div>","protected":false},"excerpt":{"rendered":"<p>L\u2019any lit\u00fargic, com hem dit, no ens ve de l\u2019\u00e8poca apost\u00f2lica, sin\u00f3 que es va anar formant al llarg dels primers segles del cristianisme, a poc a poc. O sigui que la idea que potser alg\u00fa podria tenir, en el sentit que des de bon comen\u00e7ament la comunitat cristiana, dirigida pels ap\u00f2stols, va organitzar al [&hellip;]<\/p>\n","protected":false},"author":1,"featured_media":0,"parent":11109,"menu_order":2,"comment_status":"closed","ping_status":"closed","template":"","meta":{"_acf_changed":false,"inline_featured_image":false,"footnotes":""},"class_list":["post-11116","page","type-page","status-publish","hentry"],"acf":[],"yoast_head":"<!-- This site is optimized with the Yoast SEO plugin v27.3 - https:\/\/yoast.com\/product\/yoast-seo-wordpress\/ -->\n<title>Al principi, nom\u00e9s el diumenge - CPL<\/title>\n<meta name=\"robots\" content=\"index, follow, max-snippet:-1, max-image-preview:large, max-video-preview:-1\" \/>\n<link rel=\"canonical\" href=\"https:\/\/www.cpl.es\/ca\/blog\/vida-liturgica\/com-es-forma-lany-liturgic\/al-principi-nomes-el-diumenge\/\" \/>\n<meta property=\"og:locale\" content=\"ca_ES\" \/>\n<meta property=\"og:type\" content=\"article\" \/>\n<meta property=\"og:title\" content=\"Al principi, nom\u00e9s el diumenge - CPL\" \/>\n<meta property=\"og:description\" content=\"L\u2019any lit\u00fargic, com hem dit, no ens ve de l\u2019\u00e8poca apost\u00f2lica, sin\u00f3 que es va anar formant al llarg dels primers segles del cristianisme, a poc a poc. O sigui que la idea que potser alg\u00fa podria tenir, en el sentit que des de bon comen\u00e7ament la comunitat cristiana, dirigida pels ap\u00f2stols, va organitzar al [&hellip;]\" \/>\n<meta property=\"og:url\" content=\"https:\/\/www.cpl.es\/ca\/blog\/vida-liturgica\/com-es-forma-lany-liturgic\/al-principi-nomes-el-diumenge\/\" \/>\n<meta property=\"og:site_name\" content=\"CPL\" \/>\n<meta property=\"article:modified_time\" content=\"2023-12-11T19:45:00+00:00\" \/>\n<meta property=\"og:image\" content=\"https:\/\/www.cpl.es\/wp-content\/uploads\/312-Al-principio-solo-el-domingo-2.jpg\" \/>\n\t<meta property=\"og:image:width\" content=\"425\" \/>\n\t<meta property=\"og:image:height\" content=\"601\" \/>\n\t<meta property=\"og:image:type\" content=\"image\/jpeg\" \/>\n<meta name=\"twitter:card\" content=\"summary_large_image\" \/>\n<meta name=\"twitter:label1\" content=\"Temps estimat de lectura\" \/>\n\t<meta name=\"twitter:data1\" content=\"2 minuts\" \/>\n<script type=\"application\/ld+json\" class=\"yoast-schema-graph\">{\"@context\":\"https:\\\/\\\/schema.org\",\"@graph\":[{\"@type\":\"WebPage\",\"@id\":\"https:\\\/\\\/www.cpl.es\\\/ca\\\/blog\\\/vida-liturgica\\\/com-es-forma-lany-liturgic\\\/al-principi-nomes-el-diumenge\\\/\",\"url\":\"https:\\\/\\\/www.cpl.es\\\/ca\\\/blog\\\/vida-liturgica\\\/com-es-forma-lany-liturgic\\\/al-principi-nomes-el-diumenge\\\/\",\"name\":\"Al principi, nom\u00e9s el diumenge - CPL\",\"isPartOf\":{\"@id\":\"https:\\\/\\\/www.cpl.es\\\/#website\"},\"primaryImageOfPage\":{\"@id\":\"https:\\\/\\\/www.cpl.es\\\/ca\\\/blog\\\/vida-liturgica\\\/com-es-forma-lany-liturgic\\\/al-principi-nomes-el-diumenge\\\/#primaryimage\"},\"image\":{\"@id\":\"https:\\\/\\\/www.cpl.es\\\/ca\\\/blog\\\/vida-liturgica\\\/com-es-forma-lany-liturgic\\\/al-principi-nomes-el-diumenge\\\/#primaryimage\"},\"thumbnailUrl\":\"https:\\\/\\\/www.cpl.es\\\/wp-content\\\/uploads\\\/312-Al-principio-solo-el-domingo-2-300x424.jpg\",\"datePublished\":\"2023-11-29T13:19:44+00:00\",\"dateModified\":\"2023-12-11T19:45:00+00:00\",\"breadcrumb\":{\"@id\":\"https:\\\/\\\/www.cpl.es\\\/ca\\\/blog\\\/vida-liturgica\\\/com-es-forma-lany-liturgic\\\/al-principi-nomes-el-diumenge\\\/#breadcrumb\"},\"inLanguage\":\"ca\",\"potentialAction\":[{\"@type\":\"ReadAction\",\"target\":[\"https:\\\/\\\/www.cpl.es\\\/ca\\\/blog\\\/vida-liturgica\\\/com-es-forma-lany-liturgic\\\/al-principi-nomes-el-diumenge\\\/\"]}]},{\"@type\":\"ImageObject\",\"inLanguage\":\"ca\",\"@id\":\"https:\\\/\\\/www.cpl.es\\\/ca\\\/blog\\\/vida-liturgica\\\/com-es-forma-lany-liturgic\\\/al-principi-nomes-el-diumenge\\\/#primaryimage\",\"url\":\"https:\\\/\\\/www.cpl.es\\\/wp-content\\\/uploads\\\/312-Al-principio-solo-el-domingo-2-300x424.jpg\",\"contentUrl\":\"https:\\\/\\\/www.cpl.es\\\/wp-content\\\/uploads\\\/312-Al-principio-solo-el-domingo-2-300x424.jpg\"},{\"@type\":\"BreadcrumbList\",\"@id\":\"https:\\\/\\\/www.cpl.es\\\/ca\\\/blog\\\/vida-liturgica\\\/com-es-forma-lany-liturgic\\\/al-principi-nomes-el-diumenge\\\/#breadcrumb\",\"itemListElement\":[{\"@type\":\"ListItem\",\"position\":1,\"name\":\"Portada\",\"item\":\"https:\\\/\\\/www.cpl.es\\\/ca\\\/\"},{\"@type\":\"ListItem\",\"position\":2,\"name\":\"Blog\",\"item\":\"https:\\\/\\\/www.cpl.es\\\/ca\\\/blog\\\/\"},{\"@type\":\"ListItem\",\"position\":3,\"name\":\"Vida lit\u00fargica\",\"item\":\"https:\\\/\\\/www.cpl.es\\\/ca\\\/blog\\\/vida-liturgica\\\/\"},{\"@type\":\"ListItem\",\"position\":4,\"name\":\"Com es forma l\u2019any lit\u00fargic\",\"item\":\"https:\\\/\\\/www.cpl.es\\\/ca\\\/blog\\\/vida-liturgica\\\/com-es-forma-lany-liturgic\\\/\"},{\"@type\":\"ListItem\",\"position\":5,\"name\":\"Al principi, nom\u00e9s el diumenge\"}]},{\"@type\":\"WebSite\",\"@id\":\"https:\\\/\\\/www.cpl.es\\\/#website\",\"url\":\"https:\\\/\\\/www.cpl.es\\\/\",\"name\":\"CPL\",\"description\":\"Centre de Pastoral Lit\u00fargica de Barcelona\",\"publisher\":{\"@id\":\"https:\\\/\\\/www.cpl.es\\\/#organization\"},\"alternateName\":\"Centre de Pastoral Lit\u00fargica\",\"potentialAction\":[{\"@type\":\"SearchAction\",\"target\":{\"@type\":\"EntryPoint\",\"urlTemplate\":\"https:\\\/\\\/www.cpl.es\\\/?s={search_term_string}\"},\"query-input\":{\"@type\":\"PropertyValueSpecification\",\"valueRequired\":true,\"valueName\":\"search_term_string\"}}],\"inLanguage\":\"ca\"},{\"@type\":\"Organization\",\"@id\":\"https:\\\/\\\/www.cpl.es\\\/#organization\",\"name\":\"Centre de Pastoral Lit\u00fargica\",\"alternateName\":\"Centre de Pastoral Lit\u00fargica de Barcelona\",\"url\":\"https:\\\/\\\/www.cpl.es\\\/\",\"logo\":{\"@type\":\"ImageObject\",\"inLanguage\":\"ca\",\"@id\":\"https:\\\/\\\/www.cpl.es\\\/#\\\/schema\\\/logo\\\/image\\\/\",\"url\":\"https:\\\/\\\/www.cpl.es\\\/wp-content\\\/uploads\\\/logo-cpl.svg\",\"contentUrl\":\"https:\\\/\\\/www.cpl.es\\\/wp-content\\\/uploads\\\/logo-cpl.svg\",\"caption\":\"Centre de Pastoral Lit\u00fargica\"},\"image\":{\"@id\":\"https:\\\/\\\/www.cpl.es\\\/#\\\/schema\\\/logo\\\/image\\\/\"}}]}<\/script>\n<!-- \/ Yoast SEO plugin. -->","yoast_head_json":{"title":"Al principi, nom\u00e9s el diumenge - CPL","robots":{"index":"index","follow":"follow","max-snippet":"max-snippet:-1","max-image-preview":"max-image-preview:large","max-video-preview":"max-video-preview:-1"},"canonical":"https:\/\/www.cpl.es\/ca\/blog\/vida-liturgica\/com-es-forma-lany-liturgic\/al-principi-nomes-el-diumenge\/","og_locale":"ca_ES","og_type":"article","og_title":"Al principi, nom\u00e9s el diumenge - CPL","og_description":"L\u2019any lit\u00fargic, com hem dit, no ens ve de l\u2019\u00e8poca apost\u00f2lica, sin\u00f3 que es va anar formant al llarg dels primers segles del cristianisme, a poc a poc. O sigui que la idea que potser alg\u00fa podria tenir, en el sentit que des de bon comen\u00e7ament la comunitat cristiana, dirigida pels ap\u00f2stols, va organitzar al [&hellip;]","og_url":"https:\/\/www.cpl.es\/ca\/blog\/vida-liturgica\/com-es-forma-lany-liturgic\/al-principi-nomes-el-diumenge\/","og_site_name":"CPL","article_modified_time":"2023-12-11T19:45:00+00:00","og_image":[{"width":425,"height":601,"url":"https:\/\/www.cpl.es\/wp-content\/uploads\/312-Al-principio-solo-el-domingo-2.jpg","type":"image\/jpeg"}],"twitter_card":"summary_large_image","twitter_misc":{"Temps estimat de lectura":"2 minuts"},"schema":{"@context":"https:\/\/schema.org","@graph":[{"@type":"WebPage","@id":"https:\/\/www.cpl.es\/ca\/blog\/vida-liturgica\/com-es-forma-lany-liturgic\/al-principi-nomes-el-diumenge\/","url":"https:\/\/www.cpl.es\/ca\/blog\/vida-liturgica\/com-es-forma-lany-liturgic\/al-principi-nomes-el-diumenge\/","name":"Al principi, nom\u00e9s el diumenge - CPL","isPartOf":{"@id":"https:\/\/www.cpl.es\/#website"},"primaryImageOfPage":{"@id":"https:\/\/www.cpl.es\/ca\/blog\/vida-liturgica\/com-es-forma-lany-liturgic\/al-principi-nomes-el-diumenge\/#primaryimage"},"image":{"@id":"https:\/\/www.cpl.es\/ca\/blog\/vida-liturgica\/com-es-forma-lany-liturgic\/al-principi-nomes-el-diumenge\/#primaryimage"},"thumbnailUrl":"https:\/\/www.cpl.es\/wp-content\/uploads\/312-Al-principio-solo-el-domingo-2-300x424.jpg","datePublished":"2023-11-29T13:19:44+00:00","dateModified":"2023-12-11T19:45:00+00:00","breadcrumb":{"@id":"https:\/\/www.cpl.es\/ca\/blog\/vida-liturgica\/com-es-forma-lany-liturgic\/al-principi-nomes-el-diumenge\/#breadcrumb"},"inLanguage":"ca","potentialAction":[{"@type":"ReadAction","target":["https:\/\/www.cpl.es\/ca\/blog\/vida-liturgica\/com-es-forma-lany-liturgic\/al-principi-nomes-el-diumenge\/"]}]},{"@type":"ImageObject","inLanguage":"ca","@id":"https:\/\/www.cpl.es\/ca\/blog\/vida-liturgica\/com-es-forma-lany-liturgic\/al-principi-nomes-el-diumenge\/#primaryimage","url":"https:\/\/www.cpl.es\/wp-content\/uploads\/312-Al-principio-solo-el-domingo-2-300x424.jpg","contentUrl":"https:\/\/www.cpl.es\/wp-content\/uploads\/312-Al-principio-solo-el-domingo-2-300x424.jpg"},{"@type":"BreadcrumbList","@id":"https:\/\/www.cpl.es\/ca\/blog\/vida-liturgica\/com-es-forma-lany-liturgic\/al-principi-nomes-el-diumenge\/#breadcrumb","itemListElement":[{"@type":"ListItem","position":1,"name":"Portada","item":"https:\/\/www.cpl.es\/ca\/"},{"@type":"ListItem","position":2,"name":"Blog","item":"https:\/\/www.cpl.es\/ca\/blog\/"},{"@type":"ListItem","position":3,"name":"Vida lit\u00fargica","item":"https:\/\/www.cpl.es\/ca\/blog\/vida-liturgica\/"},{"@type":"ListItem","position":4,"name":"Com es forma l\u2019any lit\u00fargic","item":"https:\/\/www.cpl.es\/ca\/blog\/vida-liturgica\/com-es-forma-lany-liturgic\/"},{"@type":"ListItem","position":5,"name":"Al principi, nom\u00e9s el diumenge"}]},{"@type":"WebSite","@id":"https:\/\/www.cpl.es\/#website","url":"https:\/\/www.cpl.es\/","name":"CPL","description":"Centre de Pastoral Lit\u00fargica de Barcelona","publisher":{"@id":"https:\/\/www.cpl.es\/#organization"},"alternateName":"Centre de Pastoral Lit\u00fargica","potentialAction":[{"@type":"SearchAction","target":{"@type":"EntryPoint","urlTemplate":"https:\/\/www.cpl.es\/?s={search_term_string}"},"query-input":{"@type":"PropertyValueSpecification","valueRequired":true,"valueName":"search_term_string"}}],"inLanguage":"ca"},{"@type":"Organization","@id":"https:\/\/www.cpl.es\/#organization","name":"Centre de Pastoral Lit\u00fargica","alternateName":"Centre de Pastoral Lit\u00fargica de Barcelona","url":"https:\/\/www.cpl.es\/","logo":{"@type":"ImageObject","inLanguage":"ca","@id":"https:\/\/www.cpl.es\/#\/schema\/logo\/image\/","url":"https:\/\/www.cpl.es\/wp-content\/uploads\/logo-cpl.svg","contentUrl":"https:\/\/www.cpl.es\/wp-content\/uploads\/logo-cpl.svg","caption":"Centre de Pastoral Lit\u00fargica"},"image":{"@id":"https:\/\/www.cpl.es\/#\/schema\/logo\/image\/"}}]}},"_links":{"self":[{"href":"https:\/\/www.cpl.es\/ca\/wp-json\/wp\/v2\/pages\/11116","targetHints":{"allow":["GET"]}}],"collection":[{"href":"https:\/\/www.cpl.es\/ca\/wp-json\/wp\/v2\/pages"}],"about":[{"href":"https:\/\/www.cpl.es\/ca\/wp-json\/wp\/v2\/types\/page"}],"author":[{"embeddable":true,"href":"https:\/\/www.cpl.es\/ca\/wp-json\/wp\/v2\/users\/1"}],"replies":[{"embeddable":true,"href":"https:\/\/www.cpl.es\/ca\/wp-json\/wp\/v2\/comments?post=11116"}],"version-history":[{"count":1,"href":"https:\/\/www.cpl.es\/ca\/wp-json\/wp\/v2\/pages\/11116\/revisions"}],"predecessor-version":[{"id":11117,"href":"https:\/\/www.cpl.es\/ca\/wp-json\/wp\/v2\/pages\/11116\/revisions\/11117"}],"up":[{"embeddable":true,"href":"https:\/\/www.cpl.es\/ca\/wp-json\/wp\/v2\/pages\/11109"}],"wp:attachment":[{"href":"https:\/\/www.cpl.es\/ca\/wp-json\/wp\/v2\/media?parent=11116"}],"curies":[{"name":"wp","href":"https:\/\/api.w.org\/{rel}","templated":true}]}}