{"id":11114,"date":"2023-11-29T14:19:00","date_gmt":"2023-11-29T13:19:00","guid":{"rendered":"https:\/\/nuevaweb.cpl.es\/?page_id=11114"},"modified":"2023-12-11T20:40:48","modified_gmt":"2023-12-11T19:40:48","slug":"el-per-que-de-lany-liturgic","status":"publish","type":"page","link":"https:\/\/www.cpl.es\/ca\/blog\/vida-liturgica\/com-es-forma-lany-liturgic\/el-per-que-de-lany-liturgic\/","title":{"rendered":"El per qu\u00e8 de l\u2019any lit\u00fargic"},"content":{"rendered":"<div id=\"pl-11114\"  class=\"panel-layout\" ><div id=\"pg-11114-0\"  class=\"panel-grid panel-no-style\" ><div id=\"pgc-11114-0-0\"  class=\"panel-grid-cell\" ><div id=\"panel-11114-0-0-0\" class=\"so-panel widget widget_sow-editor panel-first-child panel-last-child\" data-index=\"0\" ><div\n\t\t\t\n\t\t\tclass=\"so-widget-sow-editor so-widget-sow-editor-base\"\n\t\t\t\n\t\t>\n<div class=\"siteorigin-widget-tinymce textwidget\">\n\t<p><img decoding=\"async\" class=\"alignnone wp-image-9116 size-full\" src=\"https:\/\/www.cpl.es\/wp-content\/uploads\/311-El-per-que-de-lany-liturgic.jpg\" alt=\"\" width=\"400\" height=\"227\" srcset=\"https:\/\/www.cpl.es\/wp-content\/uploads\/\/311-El-per-que-de-lany-liturgic.jpg 400w, https:\/\/www.cpl.es\/wp-content\/uploads\/\/311-El-per-que-de-lany-liturgic-300x170.jpg 300w\" sizes=\"auto, (max-width: 400px) 100vw, 400px\" \/ fetchpriority=\"high\"><\/p>\n<p>L\u2019any lit\u00fargic \u00e9s el seguiment, al llarg de tot un any, comunit\u00e0riament, com a Esgl\u00e9sia, de la salvaci\u00f3 de D\u00e9u realitzada per mitj\u00e0 de Jesucrist. I la repetici\u00f3, any rere any, d\u2019aquest mateix seguiment. Centrat en dos eixos b\u00e0sics. Un, la Pasqua, que celebra la mort i la resurrecci\u00f3 de Jesucrist, amb la Quaresma que la prepara i la Cinquantena Pasqual que la prolonga fins a la Pentecosta, que n\u2019\u00e9s la conclusi\u00f3. I l\u2019altre, el Nadal, la vinguda del Fill de D\u00e9u al m\u00f3n, amb l\u2019Advent que el prepara i el temps nadalenc que el prolonga, amb l\u2019Epifania com a segona festa d\u2019aquesta vinguda.<\/p>\n<p>Aquests dos eixos, i les altres celebracions menys centrals, ofereixen al creient alternances de moments m\u00e9s joiosos i moments m\u00e9s austers o fins i tot dolorosos, aix\u00ed com tamb\u00e9 moments m\u00e9s intensos i altres moments m\u00e9s quotidians i potser mon\u00f2tons. I aquest seguit de moments diversos se situa dins el seguit de la vida humana, que t\u00e9 el seu propi ritme, i que no t\u00e9 per qu\u00e8 coincidir, a nivell d\u2019estats d\u2019\u00e0nim, de sentiments o d\u2019esdeveniments, amb el ritme lit\u00fargic.<\/p>\n<p>Per\u00f2 aquesta \u00e9s una de les grans riqueses, precisament, de l\u2019any lit\u00fargic: confrontar tot el que estem vivint, personalment i col\u00b7lectivament \u2013des d\u2019una decepci\u00f3 personal o un problema familiar, fins a la trag\u00e8dia que la crisi econ\u00f2mica significa per a tantes persones; des de l\u2019alegria pel naixement d\u2019un fill fins a la solidaritat ve\u00efnal que permet aconseguir millor benestar per a tots\u2013, amb la hist\u00f2ria salvadora que Jesucrist ens ofereix, i ajudar-nos a trobar, en tota realitat humana, la pres\u00e8ncia de Jes\u00fas. I aix\u00f2, alhora, ens ajuda a purificar la nostra fe, i a trobar all\u00f2 que t\u00e9 de m\u00e9s aut\u00e8ntic: ens fa descobrir, per exemple, que l\u2019alegria cristiana no elimina ni convida a dissimular els dolors humans que puguem estar patint, sin\u00f3 que els ajuda a viure amb una altra esperan\u00e7a; o que qualsevol situaci\u00f3 d\u2019\u00e8xit o benestar que puguem disfrutar en un determinat moment no ens ha de fer oblidar ni la fidelitat de Jes\u00fas fins a la mort per donar-nos vida, ni la necessitat de convertir-nos sempre, ni la necessitat, tampoc, d\u2019estar atents a tants i tants dolors humans que s\u00f3n una pres\u00e8ncia de Jes\u00fas que ens crida; o que no podem pretendre ni esperar que la nostra fe ens proporcioni una constant situaci\u00f3 d\u2019entusiasme o d\u2019exaltaci\u00f3 sentimental, sin\u00f3 que, tamb\u00e9, la fe t\u00e9 moments quiets, grisos fins i tot, com els t\u00e9 tamb\u00e9 la nostra vida humana. L\u2019any lit\u00fargic, repetint-se any rere any, ens ajudar\u00e0 a viure tota la realitat humana en confrontaci\u00f3 amb la variada riquesa d\u2019actituds i de sentiments que trobem en la contemplaci\u00f3 del cam\u00ed de Jes\u00fas, i ens ajudar\u00e0 a interioritzar, cada cop m\u00e9s, la seva pres\u00e8ncia salvadora, que agafa i afecta, en tota ocasi\u00f3, tota la nostra vida.<\/p>\n<p>Per\u00f2 no \u00e9s nom\u00e9s aix\u00f2. No \u00e9s nom\u00e9s que aquest seguiment de l\u2019any lit\u00fargic sigui un ajut per fer present Jes\u00fas i el seu cam\u00ed en el cam\u00ed de la meva vida. Sin\u00f3 que aquesta pres\u00e8ncia de Jes\u00fas \u00e9s una pres\u00e8ncia en el conjunt de la comunitat, en l\u2019Esgl\u00e9sia. Aquesta pres\u00e8ncia de Jes\u00fas \u00e9s una pres\u00e8ncia compartida. \u00c9s la comunitat cristiana en el seu conjunt, \u00e9s l\u2019aplec de tots els cristians i cristianes, \u00e9s l\u2019Esgl\u00e9sia tota sencera, qui fa present el cam\u00ed de Jes\u00fas i les actituds que aquest cam\u00ed suscita. De manera que jo, cristi\u00e0 o cristiana, comparteixo amb els altres cristians i cristianes de tot arreu aquesta viv\u00e8ncia d\u2019esdeveniments i actituds, i hi aporto all\u00f2 que aquests esdeveniments i actituds signifiquen per a mi en aquest moment que estic vivint, i entre tots, cadasc\u00fa amb la seva experi\u00e8ncia pr\u00f2pia, formem l\u2019ampli i divers moisaic del ser cristi\u00e0 any rere any, a cada lloc i en cada situaci\u00f3. Vivint junts, cadasc\u00fa amb la seva pr\u00f2pia experi\u00e8ncia, cada un dels temps, de les festes, de les celebracions, ens enriquim m\u00fatuament, i enriquim el conjunt de l\u2019Esgl\u00e9sia. Vivint junts l\u2019any lit\u00fargic, el do de gr\u00e0cia que \u00e9s la pres\u00e8ncia del cam\u00ed de Jes\u00fas enmig nostre es multiplica, i ens condueix cap a la seva plenitud. Aquest enriquiment col\u00b7lectiu ja es realitza pel fet de participar plegats en les celebracions; per\u00f2 encara es realitzar\u00e0 m\u00e9s si trobem mitjans, en el nivell que sigui, de compartir a nivell d\u2019intercanvi personal aquestes experi\u00e8ncies. En tot cas, per\u00f2, el que \u00e9s segur \u00e9s que celebrar l\u2019any lit\u00fargic \u00e9s una de les grans maneres de viure la unitat de tota l\u2019Esgl\u00e9sia, convocada per Jesucrist i aplegada per la for\u00e7a de l\u2019Esperit Sant.<\/p>\n<p>I encara quedaria un altre tema a comentar. I \u00e9s la pregunta que a vegades es fan alguns: \u00bfPer\u00f2, no la celebrem sempre, la mort i la resurrecci\u00f3 de Jes\u00fas? O aquesta frase que ha fet fortuna: Nadal \u00e9s cada dia. I com que \u00e9s veritat, com que la mort i la resurrecci\u00f3 de Jes\u00fas sempre \u00e9s present en la vida del cristi\u00e0, i tamb\u00e9 \u00e9s cert que podem dir que Jes\u00fas neix enmig nostre cada dia, i que tamb\u00e9 les actituds de conversi\u00f3 que ens reclama la Quaresma o d\u2019espera atenta a qu\u00e8 ens convida l\u2019Advent s\u00f3n actituds pr\u00f2pies de tota la vida cristiana, podr\u00edem concloure que no t\u00e9 gaire sentit celebrar per separat aquests esdeveniments o recordar per separat la necessitat d\u2019aquestes actituds. I per tant, l\u2019any lit\u00fargic no caldria: sempre ho celebrem tot!<\/p>\n<p>I no, no \u00e9s cap bestiesa aquesta objecci\u00f3. De fet, els primers cristians ho feien aix\u00ed: sempre ho celebraven tot alhora. Els primers cristians, com explicarem m\u00e9s detingudament en un altre apartat, no coneixien aix\u00f2 que nosaltres anomenem any lit\u00fargic. No va ser fins a principis del segle II que es va comen\u00e7ar a celebrar la Vetlla Pasqual, i a partir d\u2019ella es van comen\u00e7ar a organitzar les altres festes i temps. Els primers cristians, cada diumenge, es trobaven per celebrar l\u2019Eucaristia i, en aquella celebraci\u00f3, hi compartien la seva fe i la seva vida entorn del pa i el vi que s\u00f3n pres\u00e8ncia de Jes\u00fas vivent. No tenien, doncs, celebracions entorn d\u2019esdeveniments concrets i d\u2019actituds determinades.<\/p>\n<p>Per\u00f2 aix\u00f2, com hem dit, a partir d\u2019un cert moment va comen\u00e7ar a canviar. I \u00e9s que els cristians, com tothom, som persones limitades. I celebrar-ho sempre tot alhora ens impedeix de copsar d\u2019una manera m\u00e9s precisa i atenta la varietat de riqueses que cont\u00e9 la nostra fe. Pedag\u00f2gicament, necessitem aturar-nos en aspectes concrets per poder-los assaborir m\u00e9s a fons, m\u00e9s profundament, i fer que entrin m\u00e9s endins nostre. Ens va b\u00e9, fixar-nos un dia en Jes\u00fas que mor a la creu i fer present la gr\u00e0cia que ens ve d\u2019aquest esdeveniment, i un altre dia commemorar la seva resurrecci\u00f3 i viure-la intensament. I aix\u00f2, encara que sapiguem i tinguem clar que s\u00f3n dos esdeveniments indissociables i que no tenen sentit ple l\u2019un sense l\u2019altre. I aix\u00ed mateix, amb tota la resta d\u2019aspectes de la fe i de la vida cristiana. Sempre ens hem de convertir, per\u00f2 ens va b\u00e9 que durant un temps determinat, la Quaresma, ens ho recordin m\u00e9s insistentment. Sempre hem d\u2019esperar la vinguda del Senyor i preparar els seus camins, per\u00f2 ens va b\u00e9 celebrar el temps d\u2019Advent amb aquest missatge central. Sempre \u00e9s bo que la Mare de D\u00e9u sigui un punt de refer\u00e8ncia en les nostres vides, per\u00f2 ens va b\u00e9 celebrar les seves festes per viure-ho millor. Sempre \u00e9s Nadal, perqu\u00e8 el Fill de D\u00e9u sempre s\u2019encarna en la nostra hist\u00f2ria humana, per\u00f2 la riquesa i la gr\u00e0cia d\u2019aquest esdeveniment salvador penetra molt m\u00e9s dins nostre quan ens trobem el 25 de desembre per reviure\u2019l\u2026<\/p>\n<p>Per tot aix\u00f2, doncs, celebrem l\u2019any lit\u00fargic. I val la pena aprofitar-lo al m\u00e0xim.<\/p>\n<\/div>\n<\/div><\/div><\/div><\/div><\/div>","protected":false},"excerpt":{"rendered":"<p>L\u2019any lit\u00fargic \u00e9s el seguiment, al llarg de tot un any, comunit\u00e0riament, com a Esgl\u00e9sia, de la salvaci\u00f3 de D\u00e9u realitzada per mitj\u00e0 de Jesucrist. I la repetici\u00f3, any rere any, d\u2019aquest mateix seguiment. Centrat en dos eixos b\u00e0sics. Un, la Pasqua, que celebra la mort i la resurrecci\u00f3 de Jesucrist, amb la Quaresma que [&hellip;]<\/p>\n","protected":false},"author":1,"featured_media":0,"parent":11109,"menu_order":1,"comment_status":"closed","ping_status":"closed","template":"","meta":{"_acf_changed":false,"inline_featured_image":false,"footnotes":""},"class_list":["post-11114","page","type-page","status-publish","hentry"],"acf":[],"yoast_head":"<!-- This site is optimized with the Yoast SEO plugin v27.5 - https:\/\/yoast.com\/product\/yoast-seo-wordpress\/ -->\n<title>El per qu\u00e8 de l\u2019any lit\u00fargic - CPL<\/title>\n<meta name=\"robots\" content=\"index, follow, max-snippet:-1, max-image-preview:large, max-video-preview:-1\" \/>\n<link rel=\"canonical\" href=\"https:\/\/www.cpl.es\/ca\/blog\/vida-liturgica\/com-es-forma-lany-liturgic\/el-per-que-de-lany-liturgic\/\" \/>\n<meta property=\"og:locale\" content=\"ca_ES\" \/>\n<meta property=\"og:type\" content=\"article\" \/>\n<meta property=\"og:title\" content=\"El per qu\u00e8 de l\u2019any lit\u00fargic - CPL\" \/>\n<meta property=\"og:description\" content=\"L\u2019any lit\u00fargic \u00e9s el seguiment, al llarg de tot un any, comunit\u00e0riament, com a Esgl\u00e9sia, de la salvaci\u00f3 de D\u00e9u realitzada per mitj\u00e0 de Jesucrist. I la repetici\u00f3, any rere any, d\u2019aquest mateix seguiment. Centrat en dos eixos b\u00e0sics. Un, la Pasqua, que celebra la mort i la resurrecci\u00f3 de Jesucrist, amb la Quaresma que [&hellip;]\" \/>\n<meta property=\"og:url\" content=\"https:\/\/www.cpl.es\/ca\/blog\/vida-liturgica\/com-es-forma-lany-liturgic\/el-per-que-de-lany-liturgic\/\" \/>\n<meta property=\"og:site_name\" content=\"CPL\" \/>\n<meta property=\"article:modified_time\" content=\"2023-12-11T19:40:48+00:00\" \/>\n<meta property=\"og:image\" content=\"https:\/\/www.cpl.es\/wp-content\/uploads\/311-El-per-que-de-lany-liturgic.jpg\" \/>\n\t<meta property=\"og:image:width\" content=\"400\" \/>\n\t<meta property=\"og:image:height\" content=\"227\" \/>\n\t<meta property=\"og:image:type\" content=\"image\/jpeg\" \/>\n<meta name=\"twitter:card\" content=\"summary_large_image\" \/>\n<meta name=\"twitter:label1\" content=\"Temps estimat de lectura\" \/>\n\t<meta name=\"twitter:data1\" content=\"7 minuts\" \/>\n<script type=\"application\/ld+json\" class=\"yoast-schema-graph\">{\"@context\":\"https:\\\/\\\/schema.org\",\"@graph\":[{\"@type\":\"WebPage\",\"@id\":\"https:\\\/\\\/www.cpl.es\\\/ca\\\/blog\\\/vida-liturgica\\\/com-es-forma-lany-liturgic\\\/el-per-que-de-lany-liturgic\\\/\",\"url\":\"https:\\\/\\\/www.cpl.es\\\/ca\\\/blog\\\/vida-liturgica\\\/com-es-forma-lany-liturgic\\\/el-per-que-de-lany-liturgic\\\/\",\"name\":\"El per qu\u00e8 de l\u2019any lit\u00fargic - CPL\",\"isPartOf\":{\"@id\":\"https:\\\/\\\/www.cpl.es\\\/#website\"},\"primaryImageOfPage\":{\"@id\":\"https:\\\/\\\/www.cpl.es\\\/ca\\\/blog\\\/vida-liturgica\\\/com-es-forma-lany-liturgic\\\/el-per-que-de-lany-liturgic\\\/#primaryimage\"},\"image\":{\"@id\":\"https:\\\/\\\/www.cpl.es\\\/ca\\\/blog\\\/vida-liturgica\\\/com-es-forma-lany-liturgic\\\/el-per-que-de-lany-liturgic\\\/#primaryimage\"},\"thumbnailUrl\":\"https:\\\/\\\/www.cpl.es\\\/wp-content\\\/uploads\\\/311-El-per-que-de-lany-liturgic.jpg\",\"datePublished\":\"2023-11-29T13:19:00+00:00\",\"dateModified\":\"2023-12-11T19:40:48+00:00\",\"breadcrumb\":{\"@id\":\"https:\\\/\\\/www.cpl.es\\\/ca\\\/blog\\\/vida-liturgica\\\/com-es-forma-lany-liturgic\\\/el-per-que-de-lany-liturgic\\\/#breadcrumb\"},\"inLanguage\":\"ca\",\"potentialAction\":[{\"@type\":\"ReadAction\",\"target\":[\"https:\\\/\\\/www.cpl.es\\\/ca\\\/blog\\\/vida-liturgica\\\/com-es-forma-lany-liturgic\\\/el-per-que-de-lany-liturgic\\\/\"]}]},{\"@type\":\"ImageObject\",\"inLanguage\":\"ca\",\"@id\":\"https:\\\/\\\/www.cpl.es\\\/ca\\\/blog\\\/vida-liturgica\\\/com-es-forma-lany-liturgic\\\/el-per-que-de-lany-liturgic\\\/#primaryimage\",\"url\":\"https:\\\/\\\/www.cpl.es\\\/wp-content\\\/uploads\\\/311-El-per-que-de-lany-liturgic.jpg\",\"contentUrl\":\"https:\\\/\\\/www.cpl.es\\\/wp-content\\\/uploads\\\/311-El-per-que-de-lany-liturgic.jpg\"},{\"@type\":\"BreadcrumbList\",\"@id\":\"https:\\\/\\\/www.cpl.es\\\/ca\\\/blog\\\/vida-liturgica\\\/com-es-forma-lany-liturgic\\\/el-per-que-de-lany-liturgic\\\/#breadcrumb\",\"itemListElement\":[{\"@type\":\"ListItem\",\"position\":1,\"name\":\"Portada\",\"item\":\"https:\\\/\\\/www.cpl.es\\\/ca\\\/\"},{\"@type\":\"ListItem\",\"position\":2,\"name\":\"Blog\",\"item\":\"https:\\\/\\\/www.cpl.es\\\/ca\\\/blog\\\/\"},{\"@type\":\"ListItem\",\"position\":3,\"name\":\"Vida lit\u00fargica\",\"item\":\"https:\\\/\\\/www.cpl.es\\\/ca\\\/blog\\\/vida-liturgica\\\/\"},{\"@type\":\"ListItem\",\"position\":4,\"name\":\"Com es forma l\u2019any lit\u00fargic\",\"item\":\"https:\\\/\\\/www.cpl.es\\\/ca\\\/blog\\\/vida-liturgica\\\/com-es-forma-lany-liturgic\\\/\"},{\"@type\":\"ListItem\",\"position\":5,\"name\":\"El per qu\u00e8 de l\u2019any lit\u00fargic\"}]},{\"@type\":\"WebSite\",\"@id\":\"https:\\\/\\\/www.cpl.es\\\/#website\",\"url\":\"https:\\\/\\\/www.cpl.es\\\/\",\"name\":\"CPL\",\"description\":\"Centre de Pastoral Lit\u00fargica de Barcelona\",\"publisher\":{\"@id\":\"https:\\\/\\\/www.cpl.es\\\/#organization\"},\"alternateName\":\"Centre de Pastoral Lit\u00fargica\",\"potentialAction\":[{\"@type\":\"SearchAction\",\"target\":{\"@type\":\"EntryPoint\",\"urlTemplate\":\"https:\\\/\\\/www.cpl.es\\\/?s={search_term_string}\"},\"query-input\":{\"@type\":\"PropertyValueSpecification\",\"valueRequired\":true,\"valueName\":\"search_term_string\"}}],\"inLanguage\":\"ca\"},{\"@type\":\"Organization\",\"@id\":\"https:\\\/\\\/www.cpl.es\\\/#organization\",\"name\":\"Centre de Pastoral Lit\u00fargica\",\"alternateName\":\"Centre de Pastoral Lit\u00fargica de Barcelona\",\"url\":\"https:\\\/\\\/www.cpl.es\\\/\",\"logo\":{\"@type\":\"ImageObject\",\"inLanguage\":\"ca\",\"@id\":\"https:\\\/\\\/www.cpl.es\\\/#\\\/schema\\\/logo\\\/image\\\/\",\"url\":\"https:\\\/\\\/www.cpl.es\\\/wp-content\\\/uploads\\\/logo-cpl.svg\",\"contentUrl\":\"https:\\\/\\\/www.cpl.es\\\/wp-content\\\/uploads\\\/logo-cpl.svg\",\"caption\":\"Centre de Pastoral Lit\u00fargica\"},\"image\":{\"@id\":\"https:\\\/\\\/www.cpl.es\\\/#\\\/schema\\\/logo\\\/image\\\/\"}}]}<\/script>\n<!-- \/ Yoast SEO plugin. -->","yoast_head_json":{"title":"El per qu\u00e8 de l\u2019any lit\u00fargic - CPL","robots":{"index":"index","follow":"follow","max-snippet":"max-snippet:-1","max-image-preview":"max-image-preview:large","max-video-preview":"max-video-preview:-1"},"canonical":"https:\/\/www.cpl.es\/ca\/blog\/vida-liturgica\/com-es-forma-lany-liturgic\/el-per-que-de-lany-liturgic\/","og_locale":"ca_ES","og_type":"article","og_title":"El per qu\u00e8 de l\u2019any lit\u00fargic - CPL","og_description":"L\u2019any lit\u00fargic \u00e9s el seguiment, al llarg de tot un any, comunit\u00e0riament, com a Esgl\u00e9sia, de la salvaci\u00f3 de D\u00e9u realitzada per mitj\u00e0 de Jesucrist. I la repetici\u00f3, any rere any, d\u2019aquest mateix seguiment. Centrat en dos eixos b\u00e0sics. Un, la Pasqua, que celebra la mort i la resurrecci\u00f3 de Jesucrist, amb la Quaresma que [&hellip;]","og_url":"https:\/\/www.cpl.es\/ca\/blog\/vida-liturgica\/com-es-forma-lany-liturgic\/el-per-que-de-lany-liturgic\/","og_site_name":"CPL","article_modified_time":"2023-12-11T19:40:48+00:00","og_image":[{"width":400,"height":227,"url":"https:\/\/www.cpl.es\/wp-content\/uploads\/311-El-per-que-de-lany-liturgic.jpg","type":"image\/jpeg"}],"twitter_card":"summary_large_image","twitter_misc":{"Temps estimat de lectura":"7 minuts"},"schema":{"@context":"https:\/\/schema.org","@graph":[{"@type":"WebPage","@id":"https:\/\/www.cpl.es\/ca\/blog\/vida-liturgica\/com-es-forma-lany-liturgic\/el-per-que-de-lany-liturgic\/","url":"https:\/\/www.cpl.es\/ca\/blog\/vida-liturgica\/com-es-forma-lany-liturgic\/el-per-que-de-lany-liturgic\/","name":"El per qu\u00e8 de l\u2019any lit\u00fargic - CPL","isPartOf":{"@id":"https:\/\/www.cpl.es\/#website"},"primaryImageOfPage":{"@id":"https:\/\/www.cpl.es\/ca\/blog\/vida-liturgica\/com-es-forma-lany-liturgic\/el-per-que-de-lany-liturgic\/#primaryimage"},"image":{"@id":"https:\/\/www.cpl.es\/ca\/blog\/vida-liturgica\/com-es-forma-lany-liturgic\/el-per-que-de-lany-liturgic\/#primaryimage"},"thumbnailUrl":"https:\/\/www.cpl.es\/wp-content\/uploads\/311-El-per-que-de-lany-liturgic.jpg","datePublished":"2023-11-29T13:19:00+00:00","dateModified":"2023-12-11T19:40:48+00:00","breadcrumb":{"@id":"https:\/\/www.cpl.es\/ca\/blog\/vida-liturgica\/com-es-forma-lany-liturgic\/el-per-que-de-lany-liturgic\/#breadcrumb"},"inLanguage":"ca","potentialAction":[{"@type":"ReadAction","target":["https:\/\/www.cpl.es\/ca\/blog\/vida-liturgica\/com-es-forma-lany-liturgic\/el-per-que-de-lany-liturgic\/"]}]},{"@type":"ImageObject","inLanguage":"ca","@id":"https:\/\/www.cpl.es\/ca\/blog\/vida-liturgica\/com-es-forma-lany-liturgic\/el-per-que-de-lany-liturgic\/#primaryimage","url":"https:\/\/www.cpl.es\/wp-content\/uploads\/311-El-per-que-de-lany-liturgic.jpg","contentUrl":"https:\/\/www.cpl.es\/wp-content\/uploads\/311-El-per-que-de-lany-liturgic.jpg"},{"@type":"BreadcrumbList","@id":"https:\/\/www.cpl.es\/ca\/blog\/vida-liturgica\/com-es-forma-lany-liturgic\/el-per-que-de-lany-liturgic\/#breadcrumb","itemListElement":[{"@type":"ListItem","position":1,"name":"Portada","item":"https:\/\/www.cpl.es\/ca\/"},{"@type":"ListItem","position":2,"name":"Blog","item":"https:\/\/www.cpl.es\/ca\/blog\/"},{"@type":"ListItem","position":3,"name":"Vida lit\u00fargica","item":"https:\/\/www.cpl.es\/ca\/blog\/vida-liturgica\/"},{"@type":"ListItem","position":4,"name":"Com es forma l\u2019any lit\u00fargic","item":"https:\/\/www.cpl.es\/ca\/blog\/vida-liturgica\/com-es-forma-lany-liturgic\/"},{"@type":"ListItem","position":5,"name":"El per qu\u00e8 de l\u2019any lit\u00fargic"}]},{"@type":"WebSite","@id":"https:\/\/www.cpl.es\/#website","url":"https:\/\/www.cpl.es\/","name":"CPL","description":"Centre de Pastoral Lit\u00fargica de Barcelona","publisher":{"@id":"https:\/\/www.cpl.es\/#organization"},"alternateName":"Centre de Pastoral Lit\u00fargica","potentialAction":[{"@type":"SearchAction","target":{"@type":"EntryPoint","urlTemplate":"https:\/\/www.cpl.es\/?s={search_term_string}"},"query-input":{"@type":"PropertyValueSpecification","valueRequired":true,"valueName":"search_term_string"}}],"inLanguage":"ca"},{"@type":"Organization","@id":"https:\/\/www.cpl.es\/#organization","name":"Centre de Pastoral Lit\u00fargica","alternateName":"Centre de Pastoral Lit\u00fargica de Barcelona","url":"https:\/\/www.cpl.es\/","logo":{"@type":"ImageObject","inLanguage":"ca","@id":"https:\/\/www.cpl.es\/#\/schema\/logo\/image\/","url":"https:\/\/www.cpl.es\/wp-content\/uploads\/logo-cpl.svg","contentUrl":"https:\/\/www.cpl.es\/wp-content\/uploads\/logo-cpl.svg","caption":"Centre de Pastoral Lit\u00fargica"},"image":{"@id":"https:\/\/www.cpl.es\/#\/schema\/logo\/image\/"}}]}},"_links":{"self":[{"href":"https:\/\/www.cpl.es\/ca\/wp-json\/wp\/v2\/pages\/11114","targetHints":{"allow":["GET"]}}],"collection":[{"href":"https:\/\/www.cpl.es\/ca\/wp-json\/wp\/v2\/pages"}],"about":[{"href":"https:\/\/www.cpl.es\/ca\/wp-json\/wp\/v2\/types\/page"}],"author":[{"embeddable":true,"href":"https:\/\/www.cpl.es\/ca\/wp-json\/wp\/v2\/users\/1"}],"replies":[{"embeddable":true,"href":"https:\/\/www.cpl.es\/ca\/wp-json\/wp\/v2\/comments?post=11114"}],"version-history":[{"count":1,"href":"https:\/\/www.cpl.es\/ca\/wp-json\/wp\/v2\/pages\/11114\/revisions"}],"predecessor-version":[{"id":11115,"href":"https:\/\/www.cpl.es\/ca\/wp-json\/wp\/v2\/pages\/11114\/revisions\/11115"}],"up":[{"embeddable":true,"href":"https:\/\/www.cpl.es\/ca\/wp-json\/wp\/v2\/pages\/11109"}],"wp:attachment":[{"href":"https:\/\/www.cpl.es\/ca\/wp-json\/wp\/v2\/media?parent=11114"}],"curies":[{"name":"wp","href":"https:\/\/api.w.org\/{rel}","templated":true}]}}